{"id":16345,"date":"2018-11-13T14:31:42","date_gmt":"2018-11-13T13:31:42","guid":{"rendered":"http:\/\/www.hotiad.nl\/nl\/?page_id=16345"},"modified":"2018-11-13T14:31:42","modified_gmt":"2018-11-13T13:31:42","slug":"tandartsenpraktijk-rotterdam","status":"publish","type":"page","link":"https:\/\/www.hotiad.nl\/nl\/leden\/tandartsenpraktijk-rotterdam\/","title":{"rendered":"Tandartsenpraktijk Rotterdam"},"content":{"rendered":"<p><img loading=\"lazy\" decoding=\"async\" class=\"alignnone wp-image-20103\" src=\"http:\/\/hotiad.nl\/wp-content\/uploads\/2018\/11\/Fotograf-Ahmet-Kaya.jpg\" alt=\"\" width=\"206\" height=\"343\" \/><\/p>\n<table class=\"zebra\" style=\"height: 502px;\" width=\"759\">\n<thead>\n<tr>\n<th style=\"text-align: left;\" width=\"30\">Contact<\/th>\n<th style=\"text-align: left;\" width=\"300\">Informatie<\/th>\n<\/tr>\n<\/thead>\n<tfoot>\n<tr>\n<td colspan=\"2\">In 1998 hebben we onze eerste praktijk geopend met 2 behandelkamers aan de Bergweg in Rotterdam.<\/p>\n<p>In november 2009 zijn wij verhuisd naar onze huidige adres; Straatweg 36A in Rotterdam. Daar zijn wij destijds begonnen met 4\u00a0 behandelkamers. Na verloop van tijd kwamen we erachter dat de praktijk te klein werd door de groei van het aantal pati\u00ebnten waardoor wij genoodzaakt werden om onze praktijk uit te breiden. Door de uitbreiding hebben wij ook meer tandartsen in dienst genomen.<\/p>\n<p>Sinds september 2017 bestaat onze huidige praktijk uit 8 behandelkamers. Wij hebben alle gespecialiseerde tandartsen in huis waardoor er plek is voor alle tandheelkundige behandelingen. Zo worden pati\u00ebnten sneller geholpen omdat alles onder \u00e9\u00e9n dak zit.<\/p>\n<p>Met 1 kaakchirurg, 1 implantoloog, 1 orthodontist, 2 endodontologen, 3 tandartsen, 5 preventieassistenten, 10 assistenten en 3 administratief medewerkers bieden wij zorg aan onze pati\u00ebnten en aan de maatschappij.<\/td>\n<\/tr>\n<\/tfoot>\n<tbody>\n<tr class=\"odd\">\n<td>Adres<\/td>\n<td>Straatweg 36 A<br \/>\n3051 BG\u00a0 Rotterdam<\/td>\n<\/tr>\n<tr>\n<td class=\"odd\">\u0130leti<\/td>\n<td><a href=\"mailto:info@tprn.nl\">info@tprn.nl<\/a><\/td>\n<\/tr>\n<tr>\n<td class=\"odd\">Web<\/td>\n<td><a href=\"http:\/\/www.tandartsenpraktijk-rotterdam.nl\">www.tandartsenpraktijk-rotterdam.nl<\/a><\/td>\n<\/tr>\n<tr>\n<td class=\"odd\">Telefon<\/td>\n<td>+31(0)10 &#8211; 243 08 41<\/td>\n<\/tr>\n<tr class=\"odd\">\n<td>GSM<\/td>\n<td><\/td>\n<\/tr>\n<\/tbody>\n<\/table>\n","protected":false},"excerpt":{"rendered":"<p>Contact Informatie In 1998 hebben we onze eerste praktijk geopend met 2 behandelkamers aan de Bergweg in Rotterdam. In november 2009 zijn wij verhuisd naar onze huidige adres; Straatweg 36A in Rotterdam. Daar zijn wij destijds begonnen met 4\u00a0 behandelkamers. Na verloop van tijd kwamen we erachter dat de praktijk te klein werd door de [&hellip;]<\/p>\n","protected":false},"author":1,"featured_media":0,"parent":603,"menu_order":0,"comment_status":"closed","ping_status":"closed","template":"","meta":{"footnotes":""},"class_list":["post-16345","page","type-page","status-publish","hentry"],"_links":{"self":[{"href":"https:\/\/www.hotiad.nl\/nl\/wp-json\/wp\/v2\/pages\/16345","targetHints":{"allow":["GET"]}}],"collection":[{"href":"https:\/\/www.hotiad.nl\/nl\/wp-json\/wp\/v2\/pages"}],"about":[{"href":"https:\/\/www.hotiad.nl\/nl\/wp-json\/wp\/v2\/types\/page"}],"author":[{"embeddable":true,"href":"https:\/\/www.hotiad.nl\/nl\/wp-json\/wp\/v2\/users\/1"}],"replies":[{"embeddable":true,"href":"https:\/\/www.hotiad.nl\/nl\/wp-json\/wp\/v2\/comments?post=16345"}],"version-history":[{"count":0,"href":"https:\/\/www.hotiad.nl\/nl\/wp-json\/wp\/v2\/pages\/16345\/revisions"}],"up":[{"embeddable":true,"href":"https:\/\/www.hotiad.nl\/nl\/wp-json\/wp\/v2\/pages\/603"}],"wp:attachment":[{"href":"https:\/\/www.hotiad.nl\/nl\/wp-json\/wp\/v2\/media?parent=16345"}],"curies":[{"name":"wp","href":"https:\/\/api.w.org\/{rel}","templated":true}]}}