{"id":2094,"date":"2013-04-30T23:07:41","date_gmt":"2013-04-30T22:07:41","guid":{"rendered":"http:\/\/www.hotiad.com\/?page_id=2094"},"modified":"2015-04-23T23:44:18","modified_gmt":"2015-04-23T22:44:18","slug":"jilpaq-holding-b-v","status":"publish","type":"page","link":"https:\/\/www.hotiad.nl\/nl\/leden\/jilpaq-holding-b-v\/","title":{"rendered":"Jilpaq Holding B.V"},"content":{"rendered":"<p><img loading=\"lazy\" decoding=\"async\" class=\"alignnone size-full wp-image-15935\" src=\"http:\/\/www.hotiad.nl\/nl\/wp-content\/uploads\/2013\/04\/Faruk-Halici2.jpg\" alt=\"Faruk Halici2\" width=\"565\" height=\"425\" srcset=\"https:\/\/www.hotiad.nl\/nl\/wp-content\/uploads\/2013\/04\/Faruk-Halici2.jpg 565w, https:\/\/www.hotiad.nl\/nl\/wp-content\/uploads\/2013\/04\/Faruk-Halici2-300x226.jpg 300w\" sizes=\"auto, (max-width: 565px) 100vw, 565px\" \/><\/p>\n<table class=\"zebra\">\n<thead>\n<tr>\n<th style=\"text-align: left;\" width=\"30\">Contact<\/th>\n<th style=\"text-align: left;\" width=\"300\">Informatie<\/th>\n<\/tr>\n<\/thead>\n<tfoot>\n<tr>\n<td colspan=\"2\">JILPAQ Holding b\u00fcnyesinde iki ayr\u0131 \u015firket bulunmaktad\u0131r. AKPAQ B.V. d\u00f6ner<br \/>\nd\u00fckkan\u0131, pizzeria ve restoranlara envanter makine ve aksam\u0131n\u0131 tedarik etmektedir. Makine ve aksamlar\u0131 T\u00fcrkiye\u2019de \u00fcretmekte olup da\u011f\u0131t\u0131m ve ihracat\u0131n\u0131 t\u00fcm avrupa genelinde Hollanda \u00fczerinden ger\u00e7ekle\u015ftirmektedir. JILPAQ B.V. ise \u00fcretimini yapm\u0131\u015f oldu\u011fu d\u00f6ner, shorma, yufka, lahmacun, i\u00e7ecekler ve bu \u00fcr\u00fcnlere ili\u015fkin paketleme malzemelerini Hollanda genelinde d\u00f6ner d\u00fckkanlar\u0131 pizzeria ve restorantlara da\u011f\u0131t\u0131m\u0131n\u0131 yapmaktad\u0131r.<\/td>\n<\/tr>\n<\/tfoot>\n<tbody>\n<tr class=\"odd\">\n<td>Adres<\/td>\n<td>Ledeboerstraat 39<br \/>\n5048 AC TILBURG<\/td>\n<\/tr>\n<tr>\n<td class=\"odd\">\u0130leti<\/td>\n<td><a href=\"mailto:farukhalici@hotmail.com\" target=\"_blank\">farukhalici@hotmail.com<\/a><\/td>\n<\/tr>\n<tr>\n<td class=\"odd\">Web<\/td>\n<td><a href=\"http:\/\/www.jilpaq.nl\/\" target=\"_blank\">www.jilpaq.nl<\/a><\/td>\n<\/tr>\n<tr>\n<td class=\"odd\">Telefon<\/td>\n<td>+31(0)13 455 11 19<\/td>\n<\/tr>\n<tr class=\"odd\">\n<td>Faks<\/td>\n<td>+31(0)13 455 12 16<\/td>\n<\/tr>\n<\/tbody>\n<\/table>\n","protected":false},"excerpt":{"rendered":"<p>Contact Informatie JILPAQ Holding b\u00fcnyesinde iki ayr\u0131 \u015firket bulunmaktad\u0131r. AKPAQ B.V. d\u00f6ner d\u00fckkan\u0131, pizzeria ve restoranlara envanter makine ve aksam\u0131n\u0131 tedarik etmektedir. Makine ve aksamlar\u0131 T\u00fcrkiye\u2019de \u00fcretmekte olup da\u011f\u0131t\u0131m ve ihracat\u0131n\u0131 t\u00fcm avrupa genelinde Hollanda \u00fczerinden ger\u00e7ekle\u015ftirmektedir. JILPAQ B.V. ise \u00fcretimini yapm\u0131\u015f oldu\u011fu d\u00f6ner, shorma, yufka, lahmacun, i\u00e7ecekler ve bu \u00fcr\u00fcnlere ili\u015fkin paketleme malzemelerini Hollanda [&hellip;]<\/p>\n","protected":false},"author":1,"featured_media":0,"parent":603,"menu_order":0,"comment_status":"closed","ping_status":"closed","template":"","meta":{"footnotes":""},"class_list":["post-2094","page","type-page","status-publish","hentry"],"_links":{"self":[{"href":"https:\/\/www.hotiad.nl\/nl\/wp-json\/wp\/v2\/pages\/2094","targetHints":{"allow":["GET"]}}],"collection":[{"href":"https:\/\/www.hotiad.nl\/nl\/wp-json\/wp\/v2\/pages"}],"about":[{"href":"https:\/\/www.hotiad.nl\/nl\/wp-json\/wp\/v2\/types\/page"}],"author":[{"embeddable":true,"href":"https:\/\/www.hotiad.nl\/nl\/wp-json\/wp\/v2\/users\/1"}],"replies":[{"embeddable":true,"href":"https:\/\/www.hotiad.nl\/nl\/wp-json\/wp\/v2\/comments?post=2094"}],"version-history":[{"count":0,"href":"https:\/\/www.hotiad.nl\/nl\/wp-json\/wp\/v2\/pages\/2094\/revisions"}],"up":[{"embeddable":true,"href":"https:\/\/www.hotiad.nl\/nl\/wp-json\/wp\/v2\/pages\/603"}],"wp:attachment":[{"href":"https:\/\/www.hotiad.nl\/nl\/wp-json\/wp\/v2\/media?parent=2094"}],"curies":[{"name":"wp","href":"https:\/\/api.w.org\/{rel}","templated":true}]}}