{"id":2126,"date":"2013-04-30T23:25:12","date_gmt":"2013-04-30T22:25:12","guid":{"rendered":"http:\/\/www.hotiad.com\/?page_id=2126"},"modified":"2016-12-19T12:28:03","modified_gmt":"2016-12-19T11:28:03","slug":"ozer-food-b-v","status":"publish","type":"page","link":"https:\/\/www.hotiad.nl\/nl\/leden\/ozer-food-b-v\/","title":{"rendered":"\u00d6z&#038;Er Food B.V."},"content":{"rendered":"<p><img loading=\"lazy\" decoding=\"async\" src=\"http:\/\/hotiad.nl\/wp-content\/uploads\/2013\/04\/Behzat-Eren.jpg\" alt=\"Behzat Eren\" width=\"565\" height=\"425\" \/><\/p>\n<table class=\"zebra\">\n<thead>\n<tr>\n<th style=\"text-align: left;\" width=\"30\">Contact<\/th>\n<th style=\"text-align: left;\" width=\"300\">Informatie<\/th>\n<\/tr>\n<\/thead>\n<tfoot>\n<tr>\n<td colspan=\"2\">Silifke s\u00fct\u00fcr\u00fcnleri 1995 y\u0131l\u0131nda Hollanda`n\u0131n Lahey \u015fehrinde ilk olarak \u00fcretime ge\u00e7mi\u015ftir.Kurulu\u015fundan itibaren 2000 senesine kadar yogurt ve ayran \u00fcretimi gercekle\u015ftirmi\u015ftir ve \u00fcretmi\u015f oldu\u011fu \u00fcr\u00fcnler ile bu alanda aran\u0131lan bir marka haline gelmi\u015ftir. Y\u00fcksek \u00fcretim kalitesi, \u00fcretim hassasiyeti, m\u00fc\u015fteri memnuniyeti, birlikte \u00e7al\u0131\u015f\u0131lan bayiler ve h\u0131zla geli\u015fen pazarda artan talepler sebebi ile Silifke S\u00fct, m\u00fc\u015fterilerinin ihtiya\u00e7lar\u0131na daha h\u0131zl\u0131 cevap verebilme do\u011frultusunda kapasitesini ve bilgi birikimini s\u00fcrekli ar\u0131irma ihtiyac\u0131 i\u00e7erisine girmi\u015f ve yat\u0131r\u0131mlar\u0131n\u0131 buna g\u00f6re \u015fekillendirmi\u015ftir.Silifke S\u00fct, 2006 y\u0131l\u0131 sonu itibari ile faaliyetini Amsterdam \u2013Lahey aras\u0131ndaki Leiden \u015fehrinde yeni fabrikas\u0131nda s\u00fcrd\u00fcrmeye ba\u015flam\u0131\u015f\u0131r.Kalite politikas\u0131 \u201cDogal-Taze- Lezzetli\u201d olarak daima en y\u00fckse\u011fi hedefleye silifke s\u00fct; \u00dcretimdeki hassasiyeti ve \u00fcr\u00fcn kalitesi olarak \u00f6zellikle Hollanda\u2019n\u0131n ve Avrupa\u2019n\u0131n di\u011fer b\u00f6lgelerinde, bu sekt\u00f6rde imalat yapan rakipleri ile kolayl\u0131kla rekabet eder duruma gelmi\u015ftir.<\/p>\n<p>Silifke s\u00fct`un t\u00fcm Hollanda geneli ile a\u011f\u0131rl\u0131kl\u0131 olarak Almanya,Belcika, Fransa,Danimarka ve diger Avrupa \u00fclkelerini kapsayan bir m\u00fc\u015fteri portf\u00f6y\u00fc bulunmaktad\u0131r. Bu portf\u00f6y s\u00fcrekli olarak geni\u015flemektedir.<\/td>\n<\/tr>\n<\/tfoot>\n<tbody>\n<tr class=\"odd\">\n<td>Adres<\/td>\n<td>Rooseveltstraat 39<br \/>\n2321 BL Leiden<\/td>\n<\/tr>\n<tr>\n<td class=\"odd\">\u0130leti<\/td>\n<td><a href=\"mailto:info@ozener.com\">info@ozener.com\u00a0<\/a><\/td>\n<\/tr>\n<tr>\n<td class=\"odd\">Web<\/td>\n<td><a href=\"http:\/\/ozener.com\">www.ozener.com<\/a><\/td>\n<\/tr>\n<tr>\n<td class=\"odd\">Telefon<\/td>\n<td>+31(0)71 589 09 99<\/td>\n<\/tr>\n<tr class=\"odd\">\n<td>Faks<\/td>\n<td>+31(0)71 589 20 26<\/td>\n<\/tr>\n<\/tbody>\n<\/table>\n","protected":false},"excerpt":{"rendered":"<p>Contact Informatie Silifke s\u00fct\u00fcr\u00fcnleri 1995 y\u0131l\u0131nda Hollanda`n\u0131n Lahey \u015fehrinde ilk olarak \u00fcretime ge\u00e7mi\u015ftir.Kurulu\u015fundan itibaren 2000 senesine kadar yogurt ve ayran \u00fcretimi gercekle\u015ftirmi\u015ftir ve \u00fcretmi\u015f oldu\u011fu \u00fcr\u00fcnler ile bu alanda aran\u0131lan bir marka haline gelmi\u015ftir. Y\u00fcksek \u00fcretim kalitesi, \u00fcretim hassasiyeti, m\u00fc\u015fteri memnuniyeti, birlikte \u00e7al\u0131\u015f\u0131lan bayiler ve h\u0131zla geli\u015fen pazarda artan talepler sebebi ile Silifke S\u00fct, m\u00fc\u015fterilerinin [&hellip;]<\/p>\n","protected":false},"author":1,"featured_media":0,"parent":603,"menu_order":0,"comment_status":"closed","ping_status":"closed","template":"","meta":{"footnotes":""},"class_list":["post-2126","page","type-page","status-publish","hentry"],"_links":{"self":[{"href":"https:\/\/www.hotiad.nl\/nl\/wp-json\/wp\/v2\/pages\/2126","targetHints":{"allow":["GET"]}}],"collection":[{"href":"https:\/\/www.hotiad.nl\/nl\/wp-json\/wp\/v2\/pages"}],"about":[{"href":"https:\/\/www.hotiad.nl\/nl\/wp-json\/wp\/v2\/types\/page"}],"author":[{"embeddable":true,"href":"https:\/\/www.hotiad.nl\/nl\/wp-json\/wp\/v2\/users\/1"}],"replies":[{"embeddable":true,"href":"https:\/\/www.hotiad.nl\/nl\/wp-json\/wp\/v2\/comments?post=2126"}],"version-history":[{"count":0,"href":"https:\/\/www.hotiad.nl\/nl\/wp-json\/wp\/v2\/pages\/2126\/revisions"}],"up":[{"embeddable":true,"href":"https:\/\/www.hotiad.nl\/nl\/wp-json\/wp\/v2\/pages\/603"}],"wp:attachment":[{"href":"https:\/\/www.hotiad.nl\/nl\/wp-json\/wp\/v2\/media?parent=2126"}],"curies":[{"name":"wp","href":"https:\/\/api.w.org\/{rel}","templated":true}]}}