{"id":2173,"date":"2013-04-30T23:48:35","date_gmt":"2013-04-30T22:48:35","guid":{"rendered":"http:\/\/www.hotiad.com\/?page_id=2173"},"modified":"2016-01-12T16:11:58","modified_gmt":"2016-01-12T15:11:58","slug":"tur-ned-international-trading-bv","status":"publish","type":"page","link":"https:\/\/www.hotiad.nl\/nl\/leden\/tur-ned-international-trading-bv\/","title":{"rendered":"Tur-Ned International Trading BV"},"content":{"rendered":"<p><img loading=\"lazy\" decoding=\"async\" src=\"http:\/\/hotiad.nl\/wp-content\/uploads\/2013\/04\/Ilhan-Done.jpg\" alt=\"Ilhan Done\" width=\"565\" height=\"425\" \/><\/p>\n<table class=\"zebra\">\n<thead>\n<tr>\n<th style=\"text-align: left;\" width=\"30\">Contact<\/th>\n<th style=\"text-align: left;\" width=\"300\">Informatie<\/th>\n<\/tr>\n<\/thead>\n<tfoot>\n<tr>\n<td colspan=\"2\">1992 y\u0131l\u0131nda kurulan TUR-NED International Trading BV, ba\u015flang\u0131\u00e7ta Seylan \u00e7ay\u0131n\u0131n Avrupa&#8217;da yayg\u0131n sat\u0131lmas\u0131na \u00f6nc\u00fcl\u00fck yapt\u0131. 1995 y\u0131l\u0131ndan itibaren ilk etapta ECE markal\u0131 \u00fcr\u00fcnleri daha sonra T\u00fcrkiye\u2019nin damak tadlar\u0131n\u0131 temsil eden \u00f6nc\u00fc markalar\u0131 Hollanda pazar\u0131na ta\u015f\u0131d\u0131. AKFA, ALTINDAMLA, BA\u015eHAN, \u00c7AYKUR, ECE, EY\u0170P SABR\u0130 TUNCER, MARMARAB\u0130RL\u0130K ZEYT\u0130NLER\u0130, \u00a0NUHUN ANKARA MAKARNASI, ORK\u0130DE, \u00d6NC\u00dc, TUKA\u015e VE V\u0130K\u0130NG TEM\u0130ZL\u0130K \u0170R\u0170NLERI gibi T\u00fcrkiye\u2019nin kalitede \u00f6nc\u00fc markalar\u0131n\u0131, Rotterdam toptanc\u0131 halindeki 1500 m2\u2019lik sat\u0131\u015f ma\u011fazas\u0131nda ve g\u00fcnl\u00fck da\u011f\u0131t\u0131m a\u011f\u0131yla m\u00fc\u015fterilerinin hizmetine sunmaktad\u0131r.<\/td>\n<\/tr>\n<\/tfoot>\n<tbody>\n<tr class=\"odd\">\n<td>Adres<\/td>\n<td>Groothandelsmarkt 69-78<br \/>\n3044 HC Rotterdam<\/td>\n<\/tr>\n<tr>\n<td class=\"odd\">\u0130leti<\/td>\n<td><a href=\"mailto:i.done@tur-ned.nl \" target=\"_blank\">i.done@tur-ned.nl<\/a><\/td>\n<\/tr>\n<tr>\n<td class=\"odd\"><a href=\"mailto:i.done@tur-ned.nl \" target=\"_blank\">Web<\/a><\/td>\n<td><a href=\"http:\/\/www.tur-ned.nl\/\" target=\"_blank\">www.tur-ned.nl<\/a><\/td>\n<\/tr>\n<tr>\n<td class=\"odd\">Telefon<\/td>\n<td>+31(0)10\u00a043 \u00a078 812 \/\u00a0+31(0)10\u00a043 71 482<\/td>\n<\/tr>\n<tr class=\"odd\">\n<td>Faks<\/td>\n<td>+31(0)10 462 14 94<\/td>\n<\/tr>\n<\/tbody>\n<\/table>\n","protected":false},"excerpt":{"rendered":"<p>Contact Informatie 1992 y\u0131l\u0131nda kurulan TUR-NED International Trading BV, ba\u015flang\u0131\u00e7ta Seylan \u00e7ay\u0131n\u0131n Avrupa&#8217;da yayg\u0131n sat\u0131lmas\u0131na \u00f6nc\u00fcl\u00fck yapt\u0131. 1995 y\u0131l\u0131ndan itibaren ilk etapta ECE markal\u0131 \u00fcr\u00fcnleri daha sonra T\u00fcrkiye\u2019nin damak tadlar\u0131n\u0131 temsil eden \u00f6nc\u00fc markalar\u0131 Hollanda pazar\u0131na ta\u015f\u0131d\u0131. AKFA, ALTINDAMLA, BA\u015eHAN, \u00c7AYKUR, ECE, EY\u0170P SABR\u0130 TUNCER, MARMARAB\u0130RL\u0130K ZEYT\u0130NLER\u0130, \u00a0NUHUN ANKARA MAKARNASI, ORK\u0130DE, \u00d6NC\u00dc, TUKA\u015e VE V\u0130K\u0130NG [&hellip;]<\/p>\n","protected":false},"author":1,"featured_media":0,"parent":603,"menu_order":0,"comment_status":"closed","ping_status":"closed","template":"","meta":{"footnotes":""},"class_list":["post-2173","page","type-page","status-publish","hentry"],"_links":{"self":[{"href":"https:\/\/www.hotiad.nl\/nl\/wp-json\/wp\/v2\/pages\/2173","targetHints":{"allow":["GET"]}}],"collection":[{"href":"https:\/\/www.hotiad.nl\/nl\/wp-json\/wp\/v2\/pages"}],"about":[{"href":"https:\/\/www.hotiad.nl\/nl\/wp-json\/wp\/v2\/types\/page"}],"author":[{"embeddable":true,"href":"https:\/\/www.hotiad.nl\/nl\/wp-json\/wp\/v2\/users\/1"}],"replies":[{"embeddable":true,"href":"https:\/\/www.hotiad.nl\/nl\/wp-json\/wp\/v2\/comments?post=2173"}],"version-history":[{"count":0,"href":"https:\/\/www.hotiad.nl\/nl\/wp-json\/wp\/v2\/pages\/2173\/revisions"}],"up":[{"embeddable":true,"href":"https:\/\/www.hotiad.nl\/nl\/wp-json\/wp\/v2\/pages\/603"}],"wp:attachment":[{"href":"https:\/\/www.hotiad.nl\/nl\/wp-json\/wp\/v2\/media?parent=2173"}],"curies":[{"name":"wp","href":"https:\/\/api.w.org\/{rel}","templated":true}]}}