{"id":2204,"date":"2013-05-23T10:00:03","date_gmt":"2013-05-23T09:00:03","guid":{"rendered":"http:\/\/www.hotiad.com\/?page_id=2204"},"modified":"2013-06-03T00:34:32","modified_gmt":"2013-06-02T23:34:32","slug":"genel-baskanlarimiz","status":"publish","type":"page","link":"https:\/\/www.hotiad.nl\/nl\/hotiad-kurumsal\/hakkimizda\/genel-baskanlarimiz\/","title":{"rendered":"Voorzitters"},"content":{"rendered":"<p><a title=\"Turgut Torunogullari \u00d6zge\u00e7mi\u015fi\" href=\"http:\/\/hotiad.com\/wp-content\/uploads\/hotiad\/pdf\/ozgecmis\/Turgut%20Torunogullari.pdf\" target=\"_blank\"><img loading=\"lazy\" decoding=\"async\" alt=\"Turgut Torunogullari\" src=\"http:\/\/www.hotiad.com\/wp-content\/uploads\/2013\/05\/Turgut-Torunogullari.jpg\" width=\"565\" height=\"425\" \/><\/a><\/p>\n<p><a href=\"http:\/\/www.hotiad.com\/?page_id=2040\"><img loading=\"lazy\" decoding=\"async\" class=\"alignnone size-full wp-image-2221\" alt=\"Mehmet Soyturk\" src=\"http:\/\/www.hotiad.com\/wp-content\/uploads\/2013\/05\/Mehmet-Soyturk.jpg\" width=\"565\" height=\"425\" srcset=\"https:\/\/www.hotiad.nl\/nl\/wp-content\/uploads\/2013\/05\/Mehmet-Soyturk.jpg 565w, https:\/\/www.hotiad.nl\/nl\/wp-content\/uploads\/2013\/05\/Mehmet-Soyturk-300x225.jpg 300w\" sizes=\"auto, (max-width: 565px) 100vw, 565px\" \/><\/a><\/p>\n","protected":false},"excerpt":{"rendered":"","protected":false},"author":1,"featured_media":0,"parent":585,"menu_order":0,"comment_status":"closed","ping_status":"closed","template":"","meta":{"footnotes":""},"class_list":["post-2204","page","type-page","status-publish","hentry"],"_links":{"self":[{"href":"https:\/\/www.hotiad.nl\/nl\/wp-json\/wp\/v2\/pages\/2204","targetHints":{"allow":["GET"]}}],"collection":[{"href":"https:\/\/www.hotiad.nl\/nl\/wp-json\/wp\/v2\/pages"}],"about":[{"href":"https:\/\/www.hotiad.nl\/nl\/wp-json\/wp\/v2\/types\/page"}],"author":[{"embeddable":true,"href":"https:\/\/www.hotiad.nl\/nl\/wp-json\/wp\/v2\/users\/1"}],"replies":[{"embeddable":true,"href":"https:\/\/www.hotiad.nl\/nl\/wp-json\/wp\/v2\/comments?post=2204"}],"version-history":[{"count":0,"href":"https:\/\/www.hotiad.nl\/nl\/wp-json\/wp\/v2\/pages\/2204\/revisions"}],"up":[{"embeddable":true,"href":"https:\/\/www.hotiad.nl\/nl\/wp-json\/wp\/v2\/pages\/585"}],"wp:attachment":[{"href":"https:\/\/www.hotiad.nl\/nl\/wp-json\/wp\/v2\/media?parent=2204"}],"curies":[{"name":"wp","href":"https:\/\/api.w.org\/{rel}","templated":true}]}}