{"id":601,"date":"2013-03-22T00:45:40","date_gmt":"2013-03-21T23:45:40","guid":{"rendered":"http:\/\/hotiad.com\/?page_id=601"},"modified":"2024-01-18T21:58:17","modified_gmt":"2024-01-18T20:58:17","slug":"bestuur","status":"publish","type":"page","link":"https:\/\/www.hotiad.nl\/nl\/hotiad-kurumsal\/bestuur\/","title":{"rendered":"Bestuur"},"content":{"rendered":"<div><strong>Bestuursleden van HOT\u0130AD<\/strong><\/div>\n<ul>\n<li>Voorzitter: Hikmet G\u00fcrc\u00fco\u011flu<\/li>\n<li>Vicevoorzitter: Faruk Hal\u0131c\u0131<\/li>\n<li>Ondervoorzitters: Veysel Hut, \u0130lhan D\u00f6ne, Ahmet Kaya<\/li>\n<li>Secretaris: Arzu \u015eenel<\/li>\n<li>Penningmeester: Abdullah Altay<\/li>\n<li>Bestuursleden: Abdurrahman \u00c7al\u0131\u015fkan, G\u00fcven Kurum<\/li>\n<\/ul>\n<div><strong>Raad van Toezicht\/Tuchtcommissie en functies<\/strong><\/div>\n<ul>\n<li>Voorzitter: Behzat Eren<\/li>\n<li>Leden van de Raad van Toezicht: Dursun K\u0131l\u0131\u00e7, Z\u00fclk\u00fcf Y\u0131lmaz<\/li>\n<\/ul>\n","protected":false},"excerpt":{"rendered":"<p>Bestuursleden van HOT\u0130AD Voorzitter: Hikmet G\u00fcrc\u00fco\u011flu Vicevoorzitter: Faruk Hal\u0131c\u0131 Ondervoorzitters: Veysel Hut, \u0130lhan D\u00f6ne, Ahmet Kaya Secretaris: Arzu \u015eenel Penningmeester: Abdullah Altay Bestuursleden: Abdurrahman \u00c7al\u0131\u015fkan, G\u00fcven Kurum Raad van Toezicht\/Tuchtcommissie en functies Voorzitter: Behzat Eren Leden van de Raad van Toezicht: Dursun K\u0131l\u0131\u00e7, Z\u00fclk\u00fcf Y\u0131lmaz<\/p>\n","protected":false},"author":1,"featured_media":0,"parent":584,"menu_order":0,"comment_status":"closed","ping_status":"closed","template":"","meta":{"footnotes":""},"class_list":["post-601","page","type-page","status-publish","hentry"],"_links":{"self":[{"href":"https:\/\/www.hotiad.nl\/nl\/wp-json\/wp\/v2\/pages\/601","targetHints":{"allow":["GET"]}}],"collection":[{"href":"https:\/\/www.hotiad.nl\/nl\/wp-json\/wp\/v2\/pages"}],"about":[{"href":"https:\/\/www.hotiad.nl\/nl\/wp-json\/wp\/v2\/types\/page"}],"author":[{"embeddable":true,"href":"https:\/\/www.hotiad.nl\/nl\/wp-json\/wp\/v2\/users\/1"}],"replies":[{"embeddable":true,"href":"https:\/\/www.hotiad.nl\/nl\/wp-json\/wp\/v2\/comments?post=601"}],"version-history":[{"count":7,"href":"https:\/\/www.hotiad.nl\/nl\/wp-json\/wp\/v2\/pages\/601\/revisions"}],"predecessor-version":[{"id":16610,"href":"https:\/\/www.hotiad.nl\/nl\/wp-json\/wp\/v2\/pages\/601\/revisions\/16610"}],"up":[{"embeddable":true,"href":"https:\/\/www.hotiad.nl\/nl\/wp-json\/wp\/v2\/pages\/584"}],"wp:attachment":[{"href":"https:\/\/www.hotiad.nl\/nl\/wp-json\/wp\/v2\/media?parent=601"}],"curies":[{"name":"wp","href":"https:\/\/api.w.org\/{rel}","templated":true}]}}